{"id":78,"date":"2015-07-07T01:28:35","date_gmt":"2015-07-06T15:28:35","guid":{"rendered":"http:\/\/nesptropical.edu.au\/?page_id=78"},"modified":"2019-12-18T11:17:13","modified_gmt":"2019-12-18T01:17:13","slug":"journal-articles","status":"publish","type":"page","link":"https:\/\/nesptropical.edu.au\/index.php\/journal-articles\/","title":{"rendered":"Journal Articles &#8211; Round 1"},"content":{"rendered":"<div class=\"row\"> <div class=\"col-md-3  \"><strong>Project 1.10<\/strong><\/p>\n<figure id=\"attachment_6949\" class=\"thumbnail wp-caption alignnone\" style=\"width: 212px\"><a href=\"http:\/\/bit.ly\/2PZzlDB\" target=\"_blank\" rel=\"noopener noreferrer\"><img loading=\"lazy\" decoding=\"async\" class=\"wp-image-6949 size-medium\" src=\"https:\/\/nesptropical.edu.au\/wp-content\/uploads\/2019\/12\/1-s2.0-S0048969719351320-main-212x300.png\" alt=\"\" width=\"212\" height=\"300\" srcset=\"https:\/\/nesptropical.edu.au\/wp-content\/uploads\/2019\/12\/1-s2.0-S0048969719351320-main-212x300.png 212w, https:\/\/nesptropical.edu.au\/wp-content\/uploads\/2019\/12\/1-s2.0-S0048969719351320-main.png 394w\" sizes=\"auto, (max-width: 212px) 100vw, 212px\" \/><\/a><figcaption class=\"caption wp-caption-text\">Kroon, F.J., Berry, K.L.E., Brinkman, D.L., Kookana, R., Leusch, F.D.L., Melvin, S.D., Neale, P.A., Negri, A.P., Puotinen, M., Tsang, J.J., van de Merwe, J.P., Williams, M. <em>Sources, presence and potential effects of contaminants of emerging concern in the marine environments of the Great Barrier Reef and Torres Strait, Australia<\/em>. <strong>Science of The Total Environment<\/strong> doi.org\/10.1016\/j.scitotenv.2019.135140<\/figcaption><\/figure>\n<\/div><div class=\"col-md-3  \"><strong>Project 3.6<\/strong><\/p>\n<figure id=\"attachment_4700\" class=\"thumbnail wp-caption alignnone\" style=\"width: 212px\"><a href=\"http:\/\/bit.ly\/2IC9k83\" target=\"_blank\" rel=\"noopener noreferrer\"><img loading=\"lazy\" decoding=\"async\" class=\"wp-image-4700 size-medium\" src=\"http:\/\/nesptropical.edu.au\/wp-content\/uploads\/2018\/04\/Kingsford-et-al-Empowering-Stakeholders-to-Manage-Stinging-Jellyfish-A-Perspective-2018-Cover--212x300.png\" alt=\"\" width=\"212\" height=\"300\" srcset=\"https:\/\/nesptropical.edu.au\/wp-content\/uploads\/2018\/04\/Kingsford-et-al-Empowering-Stakeholders-to-Manage-Stinging-Jellyfish-A-Perspective-2018-Cover--212x300.png 212w, https:\/\/nesptropical.edu.au\/wp-content\/uploads\/2018\/04\/Kingsford-et-al-Empowering-Stakeholders-to-Manage-Stinging-Jellyfish-A-Perspective-2018-Cover-.png 394w\" sizes=\"auto, (max-width: 212px) 100vw, 212px\" \/><\/a><figcaption class=\"caption wp-caption-text\">Kingsford, M.J., Becken, S., Bordehore, C., Fuentes, V.L., Pitt, K.A., Yangihara, A.A. (2018) <em>Empowering Stakeholders to Manage Stinging <\/em><em>Jellyfish: A Perspective<\/em>. <strong>Coastal <\/strong><strong>Management<\/strong>, 46:1, 1-18, 10.1080\/08920753.2018.1405326<\/figcaption><\/figure>\n<\/div><div class=\"col-md-3  \"><strong>Project 3.9<\/strong><\/p>\n<figure id=\"attachment_1781\" class=\"thumbnail wp-caption alignnone\" style=\"width: 212px\"><a href=\"http:\/\/bit.ly\/2r1TpHb\" target=\"_blank\" rel=\"noopener noreferrer\"><img loading=\"lazy\" decoding=\"async\" class=\"wp-image-1781 size-medium\" src=\"http:\/\/nesptropical.edu.au\/wp-content\/uploads\/2015\/08\/Hill-Dyer-et-al-2015-Cover-212x300.jpg\" alt=\"\" width=\"212\" height=\"300\" srcset=\"https:\/\/nesptropical.edu.au\/wp-content\/uploads\/2015\/08\/Hill-Dyer-et-al-2015-Cover-212x300.jpg 212w, https:\/\/nesptropical.edu.au\/wp-content\/uploads\/2015\/08\/Hill-Dyer-et-al-2015-Cover.jpg 394w\" sizes=\"auto, (max-width: 212px) 100vw, 212px\" \/><\/a><figcaption class=\"caption wp-caption-text\">Hill, R., Dyer, G.A., Lozada-Ellison, L.-M., Gimona, A., Martin-Ortega, J., Munoz-Rojas, J., Gordon, I.J. (2015) <em>A social\u2013ecological systems analysis of impediments to delivery of the Aichi 2020 Targets and potentially more effective pathways to the conservation of biodiversity<\/em>. <strong>Global Environmental Change<\/strong>, Vol. 34, September 2015, pages 22-34, doi:10.1016\/j.gloenvcha.2015.04.005<\/figcaption><\/figure>\n<\/div><div class=\"col-md-3  \"><strong>Project 3.9<\/strong><\/p>\n<figure id=\"attachment_1782\" class=\"thumbnail wp-caption alignnone\" style=\"width: 212px\"><a href=\"http:\/\/bit.ly\/2r3Yq34\" target=\"_blank\" rel=\"noopener noreferrer\"><img loading=\"lazy\" decoding=\"async\" class=\"wp-image-1782 size-medium\" src=\"http:\/\/nesptropical.edu.au\/wp-content\/uploads\/2015\/08\/Hill-Davies-et-al-2015-Cover-212x300.jpg\" alt=\"NESP TWQ Project 3.9 Journal Article - doi:10.1016\/j.envsci.2015.04.014\" width=\"212\" height=\"300\" srcset=\"https:\/\/nesptropical.edu.au\/wp-content\/uploads\/2015\/08\/Hill-Davies-et-al-2015-Cover-212x300.jpg 212w, https:\/\/nesptropical.edu.au\/wp-content\/uploads\/2015\/08\/Hill-Davies-et-al-2015-Cover.jpg 394w\" sizes=\"auto, (max-width: 212px) 100vw, 212px\" \/><\/a><figcaption class=\"caption wp-caption-text\">Hill, R., Davies, J., Bohneta, I.C., Robinson, C.J., Maclean, K., Pert, P.L. (2015) <em>Collaboration mobilises institutions with scale-dependent comparative advantage in landscape-scale biodiversity conservation<\/em>. <strong>Environmental Science &amp; Policy<\/strong>, Vol. 51, August 2015, pages 267-277, doi:10.1016\/j.envsci.2015.04.014<\/figcaption><\/figure>\n<\/div><\/div>\n<div class=\"row\"> <div class=\"col-md-3  \"><strong>Project 3.9<\/strong><\/p>\n<figure id=\"attachment_1783\" class=\"thumbnail wp-caption alignnone\" style=\"width: 212px\"><a href=\"http:\/\/bit.ly\/2q4q3eg\" target=\"_blank\" rel=\"noopener noreferrer\"><img loading=\"lazy\" decoding=\"async\" class=\"wp-image-1783 size-medium\" src=\"http:\/\/nesptropical.edu.au\/wp-content\/uploads\/2015\/08\/Pertetal2015Final-Cover-212x300.jpg\" alt=\"NESP TWQ Project 3.9 Journal Article - doi:10.1016\/j.ecoser.2014.10.012\" width=\"212\" height=\"300\" srcset=\"https:\/\/nesptropical.edu.au\/wp-content\/uploads\/2015\/08\/Pertetal2015Final-Cover-212x300.jpg 212w, https:\/\/nesptropical.edu.au\/wp-content\/uploads\/2015\/08\/Pertetal2015Final-Cover.jpg 394w\" sizes=\"auto, (max-width: 212px) 100vw, 212px\" \/><\/a><figcaption class=\"caption wp-caption-text\">Pert, P.L., Hill, R., Maclean, K., Dale, A., Rist, P., Schmider, J., Talbot, L., Tawake, L. (2015) <em>Mapping cultural ecosystem services with rainforest aboriginal peoples: Integrating biocultural diversity, governance and social variation<\/em>. <strong>Ecosystem Services<\/strong>, Vol. 13, June 2015, pages 41-56, doi:10.1016\/j.ecoser.2014.10.012<\/figcaption><\/figure>\n<\/div><div class=\"col-md-3  \"><strong>Project 3.9<\/strong><\/p>\n<figure id=\"attachment_1784\" class=\"thumbnail wp-caption alignnone\" style=\"width: 212px\"><a href=\"http:\/\/bit.ly\/2pAOk8F\" target=\"_blank\" rel=\"noopener noreferrer\"><img loading=\"lazy\" decoding=\"async\" class=\"wp-image-1784 size-medium\" src=\"http:\/\/nesptropical.edu.au\/wp-content\/uploads\/2015\/08\/Oterus-Rozasetal2015-Cover-212x300.jpg\" alt=\"NESP TWQ Project 3.9 Journal Article - doi:10.5751\/ES-07985-200432\" width=\"212\" height=\"300\" srcset=\"https:\/\/nesptropical.edu.au\/wp-content\/uploads\/2015\/08\/Oterus-Rozasetal2015-Cover-212x300.jpg 212w, https:\/\/nesptropical.edu.au\/wp-content\/uploads\/2015\/08\/Oterus-Rozasetal2015-Cover.jpg 394w\" sizes=\"auto, (max-width: 212px) 100vw, 212px\" \/><\/a><figcaption class=\"caption wp-caption-text\">Oteros-Rozas, E., Mart\u00edn-L\u00f3pez, B. Daw, T., Bohensky, E.L., Butler, J., Hill, R., Martin-Ortega, J., Quinlan, A., Ravera, F., Ruiz-Mall\u00e9n, I., Thyresson, M., Mistry, J., Palomo, I., Peterson, G.D., Plieninger, T., Waylen, K.A., Beach, D., Bohnet, I.C., Hamann, M., Hanspach, J., Hubacek, K., Lavorel, S., Vilardy, S. (2015) <em>Participatory scenario planning in place-based social-ecological research: insights and experiences from 23 case studies<\/em>. <strong>Ecology and Society<\/strong>, Vol. 20 No. 4:32. doi:10.5751\/ES-07985-200432<\/figcaption><\/figure>\n<\/div><div class=\"col-md-3  \">\n<\/div><div class=\"col-md-3  \">\n<\/div><\/div>\n","protected":false},"excerpt":{"rendered":"","protected":false},"author":1,"featured_media":0,"parent":0,"menu_order":0,"comment_status":"closed","ping_status":"closed","template":"","meta":{"om_disable_all_campaigns":false,"footnotes":""},"class_list":["post-78","page","type-page","status-publish","hentry"],"aioseo_notices":[],"_links":{"self":[{"href":"https:\/\/nesptropical.edu.au\/index.php\/wp-json\/wp\/v2\/pages\/78","targetHints":{"allow":["GET"]}}],"collection":[{"href":"https:\/\/nesptropical.edu.au\/index.php\/wp-json\/wp\/v2\/pages"}],"about":[{"href":"https:\/\/nesptropical.edu.au\/index.php\/wp-json\/wp\/v2\/types\/page"}],"author":[{"embeddable":true,"href":"https:\/\/nesptropical.edu.au\/index.php\/wp-json\/wp\/v2\/users\/1"}],"replies":[{"embeddable":true,"href":"https:\/\/nesptropical.edu.au\/index.php\/wp-json\/wp\/v2\/comments?post=78"}],"version-history":[{"count":0,"href":"https:\/\/nesptropical.edu.au\/index.php\/wp-json\/wp\/v2\/pages\/78\/revisions"}],"wp:attachment":[{"href":"https:\/\/nesptropical.edu.au\/index.php\/wp-json\/wp\/v2\/media?parent=78"}],"curies":[{"name":"wp","href":"https:\/\/api.w.org\/{rel}","templated":true}]}}